{"id":99,"date":"2020-12-27T11:58:49","date_gmt":"2020-12-27T17:58:49","guid":{"rendered":"https:\/\/www.northlat.biz\/?page_id=99"},"modified":"2020-12-27T11:58:53","modified_gmt":"2020-12-27T17:58:53","slug":"art-nesse-memorial-service-program","status":"publish","type":"page","link":"https:\/\/www.nesse.org\/index.php\/home\/art-and-dorothy-nesse-in-memory\/art-nesse-memorial-service-program\/","title":{"rendered":"Art Nesse Memorial Service Program"},"content":{"rendered":"\n<p id=\"h.p_Sze7W33uY8Sq\">August 15, 2020 at 1 pm Eastern Time<\/p>\n\n\n\n<p>(10 am in Washington, 12 pm in Minnesota, and 7 pm in Norway)<\/p>\n\n\n\n<p><strong>Logon at 12:30 pm ET for a slideshow and conversation.<\/strong><\/p>\n\n\n\n<p><strong>The Service will be on Zoom. Any computer, tablet or smartphone can be used.<\/strong><\/p>\n\n\n\n<h3 class=\"wp-block-heading\" id=\"h.p_-atxYdsSY8Sr\"><\/h3>\n\n\n\n<h3 class=\"wp-block-heading\" id=\"h.p_-atxYdsSY8Sr\">Program<\/h3>\n\n\n\n<p><strong>12:30-1:00 pm Conversation and a slideshow with highlights from Art&#8217;s life.<\/strong><\/p>\n\n\n\n<p><strong>1:00-2:00 pm The Memorial Service<\/strong><\/p>\n\n\n\n<p><strong>Opening Prayer: Janice Leistikow<\/strong><\/p>\n\n\n\n<p><strong>Scripture reading: Janice Leistikow<\/strong><\/p>\n\n\n\n<p><strong>Musical interlude: Margaret Nesse Bis<\/strong><em><strong> du bei mir* <\/strong><\/em><strong>J. S. Bach<\/strong><\/p>\n\n\n\n<p><strong>Memories<\/strong><\/p>\n\n\n\n<ul><li><strong>Bill Nesse about Art in China<\/strong><\/li><li><strong>Randy Nesse<\/strong><\/li><li><strong>Robert Nesse<\/strong><\/li><li><strong>Ted Nesse<\/strong><\/li><li><strong>Jean-Ann Rovelstad<\/strong><\/li><\/ul>\n\n\n\n<p><strong>Homily and closing remarks&#8211;Janice Leistikow<\/strong><\/p>\n\n\n\n<p><strong>Closing Prayer&#8211;Janice Leistikow<\/strong><\/p>\n\n\n\n<p><strong>2:00-2:30 pm Virtual reception and conversation.<\/strong><\/p>\n\n\n\n<p id=\"h.btdrfjwrizie\"><em><strong>*<\/strong><\/em><em><strong>Bist du bei mir<\/strong><\/em><br><strong>JS Bach<\/strong><\/p>\n\n\n\n<p>Bist du bei mir, geh ich mit Freuden<br>Zum Sterben und zu meiner Ruh.<br>Ach, wie vergn\u00fcgt w\u00e4r so mein Ende,<br>Es dr\u00fcckten deine sch\u00f6nen H\u00e4nde<br>Mir die getreuen Augen zu.<\/p>\n\n\n\n<p id=\"h.edu7zx2kbnvh\"><strong>Be thou with me<\/strong><br><strong>English Translation \u00a9 <a href=\"https:\/\/www.google.com\/url?q=https%3A%2F%2Fwww.oxfordlieder.co.uk%2Fpoet%2F288&amp;sa=D&amp;sntz=1&amp;usg=AFQjCNGbNik0lmGzavKsWfJ1Av9dzqxjPw\" target=\"_blank\" rel=\"noreferrer noopener\">Z. Philip Ambrose<\/a><\/strong><\/p>\n\n\n\n<p>Be thou with me and I\u2019ll go gladly<br>To death and on to my repose.<br>Ah, how my end would bring contentment,<br>If, pressing with thy hands so lovely,<br>Thou wouldst my faithful eyes then close.<\/p>\n","protected":false},"excerpt":{"rendered":"<p>August 15, 2020 at 1 pm Eastern Time (10 am in Washington, 12 pm in Minnesota, and 7 pm in Norway) Logon at 12:30 pm ET for a slideshow and conversation. The Service will be on Zoom. Any computer, tablet or smartphone can be used. Program 12:30-1:00 pm Conversation and a slideshow with highlights from&hellip; <a class=\"more-link\" href=\"https:\/\/www.nesse.org\/index.php\/home\/art-and-dorothy-nesse-in-memory\/art-nesse-memorial-service-program\/\">Continue reading <span class=\"screen-reader-text\">Art Nesse Memorial Service Program<\/span><\/a><\/p>\n","protected":false},"author":1,"featured_media":0,"parent":92,"menu_order":0,"comment_status":"closed","ping_status":"closed","template":"","meta":{"footnotes":""},"_links":{"self":[{"href":"https:\/\/www.nesse.org\/index.php\/wp-json\/wp\/v2\/pages\/99"}],"collection":[{"href":"https:\/\/www.nesse.org\/index.php\/wp-json\/wp\/v2\/pages"}],"about":[{"href":"https:\/\/www.nesse.org\/index.php\/wp-json\/wp\/v2\/types\/page"}],"author":[{"embeddable":true,"href":"https:\/\/www.nesse.org\/index.php\/wp-json\/wp\/v2\/users\/1"}],"replies":[{"embeddable":true,"href":"https:\/\/www.nesse.org\/index.php\/wp-json\/wp\/v2\/comments?post=99"}],"version-history":[{"count":1,"href":"https:\/\/www.nesse.org\/index.php\/wp-json\/wp\/v2\/pages\/99\/revisions"}],"predecessor-version":[{"id":100,"href":"https:\/\/www.nesse.org\/index.php\/wp-json\/wp\/v2\/pages\/99\/revisions\/100"}],"up":[{"embeddable":true,"href":"https:\/\/www.nesse.org\/index.php\/wp-json\/wp\/v2\/pages\/92"}],"wp:attachment":[{"href":"https:\/\/www.nesse.org\/index.php\/wp-json\/wp\/v2\/media?parent=99"}],"curies":[{"name":"wp","href":"https:\/\/api.w.org\/{rel}","templated":true}]}}